{"id":98604,"date":"2023-05-22T14:47:49","date_gmt":"2023-05-22T14:47:49","guid":{"rendered":"https:\/\/cardonapicornell.com\/?page_id=98604"},"modified":"2025-03-17T07:43:09","modified_gmt":"2025-03-17T07:43:09","slug":"servicios","status":"publish","type":"page","link":"https:\/\/cardonapicornell.com\/?page_id=98604","title":{"rendered":"Servicios"},"content":{"rendered":"<p>[et_pb_section fb_built=\u00bb1&#8243; fullwidth=\u00bbon\u00bb disabled_on=\u00bboff|off|off\u00bb _builder_version=\u00bb4.18.0&#8243; _module_preset=\u00bbdefault\u00bb global_colors_info=\u00bb{}\u00bb theme_builder_area=\u00bbpost_content\u00bb][et_pb_fullwidth_slider dot_nav_custom_color=\u00bb#000000&#8243; _builder_version=\u00bb4.21.0&#8243; _module_preset=\u00bbdefault\u00bb header_level=\u00bbh1&#8243; header_font=\u00bbPoppins|800||on|||||\u00bb header_text_color=\u00bb#000000&#8243; header_font_size=\u00bb70px\u00bb header_line_height=\u00bb1.1em\u00bb body_font=\u00bbPoppins||||||||\u00bb body_font_size=\u00bb20px\u00bb body_line_height=\u00bb1.8em\u00bb custom_button=\u00bbon\u00bb button_text_size=\u00bb15px\u00bb button_text_color=\u00bb#010d14&#8243; button_bg_color=\u00bb#ffb703&#8243; button_border_color=\u00bb#FFB703&#8243; button_border_radius=\u00bb5px\u00bb button_font=\u00bbPoppins|600||on|||||\u00bb button_use_icon=\u00bboff\u00bb button_custom_padding=\u00bb15px|32px|15px|32px|true|true\u00bb button_custom_padding_tablet=\u00bb12px|28px|12px|28px|true|true\u00bb button_custom_padding_phone=\u00bb10px|24px|10px|24px|true|true\u00bb button_custom_padding_last_edited=\u00bbon|tablet\u00bb text_orientation=\u00bbleft\u00bb module_alignment=\u00bbcenter\u00bb content_width=\u00bb100%\u00bb content_max_width=\u00bb1200px\u00bb custom_margin=\u00bb||||false|false\u00bb custom_padding=\u00bb225px|0px|225px|0px|true|true\u00bb custom_padding_tablet=\u00bb175px||175px||true|true\u00bb custom_padding_phone=\u00bb125px||125px||true|true\u00bb custom_padding_last_edited=\u00bbon|phone\u00bb auto=\u00bbon\u00bb auto_speed=\u00bb5000&#8243; auto_ignore_hover=\u00bbon\u00bb hover_enabled=\u00bb0&#8243; body_font_size_tablet=\u00bb17px\u00bb body_font_size_phone=\u00bb14px\u00bb body_font_size_last_edited=\u00bbon|phone\u00bb button_text_size_tablet=\u00bb15px\u00bb button_text_size_phone=\u00bb14px\u00bb button_text_size_last_edited=\u00bbon|phone\u00bb global_colors_info=\u00bb{}\u00bb button_bg_color__hover_enabled=\u00bbon|desktop\u00bb button_text_color__hover_enabled=\u00bbon|hover\u00bb button_text_color__hover=\u00bb#FFB703&#8243; button_bg_color__hover=\u00bb#010D14&#8243; button_bg_enable_color__hover=\u00bbon\u00bb button_border_color__hover_enabled=\u00bbon|desktop\u00bb button_border_color__hover=\u00bb#010D14&#8243; theme_builder_area=\u00bbpost_content\u00bb background_color=\u00bb#58c0d3&#8243; sticky_enabled=\u00bb0&#8243; arrows_custom_color=\u00bb#000000&#8243; body_text_color=\u00bb#000000&#8243;][et_pb_slide button_text=\u00bbCont\u00e1ctenos\u00bb button_link=\u00bb@ET-DC@eyJkeW5hbWljIjp0cnVlLCJjb250ZW50IjoicG9zdF9saW5rX3VybF9wYWdlIiwic2V0dGluZ3MiOnsicG9zdF9pZCI6IjUyMDAifX0=@\u00bb content_last_edited=\u00bboff|desktop\u00bb _builder_version=\u00bb4.21.0&#8243; _dynamic_attributes=\u00bbbutton_link\u00bb _module_preset=\u00bbdefault\u00bb header_level=\u00bbh1&#8243; header_font=\u00bbAsap|800||on|||||\u00bb header_text_color=\u00bb#000000&#8243; body_font=\u00bbAsap|700|||||||\u00bb background_enable_color=\u00bbon\u00bb background_image=\u00bbhttps:\/\/cardonapicornell.com\/wp-content\/uploads\/2023\/05\/CARRUSELL-1.jpg\u00bb background_enable_image=\u00bbon\u00bb custom_button=\u00bbon\u00bb button_text_color=\u00bb#000000&#8243; button_bg_color=\u00bb#428f9c\u00bb button_border_width=\u00bb0px\u00bb button_border_color=\u00bb#428f9c\u00bb button_border_radius=\u00bb20px\u00bb button_font=\u00bbAsap|700|||||||\u00bb width=\u00bb80%\u00bb max_width=\u00bb1200px\u00bb custom_padding=\u00bb|0px||0px|false|true\u00bb hover_enabled=\u00bb0&#8243; custom_css_main_element=\u00bbpadding-left: 0px;||padding-right: 0px;\u00bb global_colors_info=\u00bb{}\u00bb sticky_transition=\u00bbon\u00bb theme_builder_area=\u00bbpost_content\u00bb alt=\u00bbTransports cardona Picornell\u00bb title_text=\u00bbTransports cardona Picornell\u00bb sticky_enabled=\u00bb0&#8243; background_color=\u00bb#58c0d3&#8243; background_layout=\u00bblight\u00bb arrows_custom_color=\u00bb#000000&#8243; header_font_size=\u00bb36px\u00bb body_text_color=\u00bb#000000&#8243; body_font_size=\u00bb16px\u00bb]<\/p>\n<h1 class=\"slider-title\"><span style=\"color: #000000;\">Sus proyectos<\/span><\/h1>\n<h1 class=\"slider-title\"><span style=\"color: #000000;\">nuestros servicios<\/span><\/h1>\n<p>[\/et_pb_slide][et_pb_slide button_text=\u00bbCont\u00e1ctenos\u00bb button_link=\u00bb@ET-DC@eyJkeW5hbWljIjp0cnVlLCJjb250ZW50IjoicG9zdF9saW5rX3VybF9wYWdlIiwic2V0dGluZ3MiOnsicG9zdF9pZCI6IjUyMDAifX0=@\u00bb content_last_edited=\u00bboff|desktop\u00bb _builder_version=\u00bb4.21.0&#8243; _dynamic_attributes=\u00bbbutton_link\u00bb _module_preset=\u00bbdefault\u00bb header_font=\u00bbAsap|800||on|||||\u00bb header_text_color=\u00bb#58c0d3&#8243; body_font=\u00bbAsap||||||||\u00bb body_text_color=\u00bb#0c71c3&#8243; background_enable_color=\u00bboff\u00bb background_image=\u00bbhttps:\/\/cardonapicornell.com\/wp-content\/uploads\/2023\/05\/CARRUSELL-2.jpg\u00bb background_enable_image=\u00bbon\u00bb custom_button=\u00bbon\u00bb button_bg_color=\u00bb#8fa7a2&#8243; button_border_color=\u00bb#8fa7a2&#8243; button_border_radius=\u00bb20px\u00bb button_font=\u00bbAsap||||||||\u00bb width=\u00bb80%\u00bb max_width=\u00bb1200px\u00bb custom_padding=\u00bb|0px||0px|false|true\u00bb hover_enabled=\u00bb0&#8243; custom_css_main_element=\u00bbpadding-left: 0px;||padding-right: 0px;\u00bb global_colors_info=\u00bb{}\u00bb sticky_transition=\u00bbon\u00bb theme_builder_area=\u00bbpost_content\u00bb alt=\u00bbTransports cardona Picornell\u00bb title_text=\u00bbTransports Cardona Picornell\u00bb sticky_enabled=\u00bb0&#8243;]<\/p>\n<h1 class=\"slider-title\"><\/h1>\n<p><span style=\"color: #000000;\">\u201cAll\u00ed donde hay una empresa de \u00e9xito alguien tom\u00f3 alguna vez una decisi\u00f3n valiente\u201d.\u00a0<\/span><\/p>\n<p>[\/et_pb_slide][et_pb_slide button_text=\u00bbCont\u00e1ctenos\u00bb button_link=\u00bb@ET-DC@eyJkeW5hbWljIjp0cnVlLCJjb250ZW50IjoicG9zdF9saW5rX3VybF9wYWdlIiwic2V0dGluZ3MiOnsicG9zdF9pZCI6IjUyMDAifX0=@\u00bb content_tablet=\u00bb\u00bb content_phone=\u00bb\u00bb content_last_edited=\u00bbon|desktop\u00bb _builder_version=\u00bb4.21.0&#8243; _dynamic_attributes=\u00bbbutton_link\u00bb _module_preset=\u00bbdefault\u00bb background_enable_color=\u00bboff\u00bb background_image=\u00bbhttps:\/\/cardonapicornell.com\/wp-content\/uploads\/2023\/05\/CARRUSELL-3.jpg\u00bb background_enable_image=\u00bbon\u00bb custom_button=\u00bbon\u00bb button_text_color=\u00bb#000000&#8243; button_bg_color=\u00bb#8fa7a2&#8243; button_border_color=\u00bb#8fa7a2&#8243; button_border_radius=\u00bb20px\u00bb width=\u00bb80%\u00bb max_width=\u00bb1200px\u00bb custom_padding=\u00bb|0px||0px|false|true\u00bb hover_enabled=\u00bb0&#8243; custom_css_main_element=\u00bbpadding-left: 0px;||padding-right: 0px;\u00bb global_colors_info=\u00bb{}\u00bb sticky_transition=\u00bbon\u00bb theme_builder_area=\u00bbpost_content\u00bb alt=\u00bbTransports cardona Picornell\u00bb title_text=\u00bbTransports Cardona Picornell\u00bb sticky_enabled=\u00bb0&#8243;]<\/p>\n<h1 class=\"slider-title\"><span style=\"color: #000000;\">Servicio de calidad<\/span><\/h1>\n<p>[\/et_pb_slide][\/et_pb_fullwidth_slider][\/et_pb_section][et_pb_section fb_built=\u00bb1&#8243; _builder_version=\u00bb4.18.0&#8243; _module_preset=\u00bbdefault\u00bb background_image=\u00bbhttps:\/\/cardonapicornell.com\/wp-content\/uploads\/2023\/05\/our-construction-bg.png\u00bb global_colors_info=\u00bb{}\u00bb theme_builder_area=\u00bbpost_content\u00bb][et_pb_row custom_padding_last_edited=\u00bbon|phone\u00bb _builder_version=\u00bb4.18.0&#8243; _module_preset=\u00bbdefault\u00bb width_tablet=\u00bb\u00bb width_phone=\u00bb90%\u00bb width_last_edited=\u00bbon|phone\u00bb custom_padding_tablet=\u00bb\u00bb custom_padding_phone=\u00bb0px||||false|false\u00bb global_colors_info=\u00bb{}\u00bb theme_builder_area=\u00bbpost_content\u00bb][et_pb_column type=\u00bb4_4&#8243; _builder_version=\u00bb4.18.0&#8243; _module_preset=\u00bbdefault\u00bb global_colors_info=\u00bb{}\u00bb theme_builder_area=\u00bbpost_content\u00bb][et_pb_text _builder_version=\u00bb4.19.5&#8243; _module_preset=\u00bbdefault\u00bb text_font=\u00bbAsap||||||||\u00bb header_font=\u00bbAsap||||||||\u00bb header_2_font=\u00bbAsap|700|||||||\u00bb header_2_text_align=\u00bbcenter\u00bb header_2_text_color=\u00bb#010d14&#8243; header_2_font_size=\u00bb24px\u00bb header_2_line_height=\u00bb1.3em\u00bb max_width=\u00bb800px\u00bb module_alignment=\u00bbcenter\u00bb header_2_font_size_tablet=\u00bb30px\u00bb header_2_font_size_phone=\u00bb24px\u00bb header_2_font_size_last_edited=\u00bbon|phone\u00bb global_colors_info=\u00bb{}\u00bb theme_builder_area=\u00bbpost_content\u00bb]<\/p>\n<h2>Descripci\u00f3n de nuestros servicios:<\/h2>\n<p><span style=\"font-size: 12.0pt; font-family: 'Arial',sans-serif; color: #444549;\"><strong>Transports Cardona Picornell S.L<\/strong> es el partner que necesita su empresa..<\/span><\/p>\n<p style=\"font-size: 12.0pt; font-family: 'Arial',sans-serif; color: #444549;\">Ofrecemos transporte nacional a toda la pen\u00ednsula. Si su transporte es a la zona de Catalu\u00f1a podemos ofrecer descargas diarias.<\/p>\n<p style=\"font-size: 12.0pt; font-family: 'Arial',sans-serif; color: #444549;\">Estamos especializados en trasnporte internacional con rutas desde Espa\u00f1a hacia Europa y desde Europa hacia Espa\u00f1a.<\/p>\n<p style=\"font-size: 12.0pt; font-family: 'Arial',sans-serif; color: #444549;\">Podemos trasnportar mercancias no paletizadas y de grandes dimensiones as\u00ed como cualquier otro producto de dificil maniupulaci\u00f3n.<\/p>\n<p style=\"font-size: 12.0pt; font-family: 'Arial',sans-serif; color: #444549;\">\n<p>[\/et_pb_text][\/et_pb_column][\/et_pb_row][\/et_pb_section][et_pb_section fb_built=\u00bb1&#8243; _builder_version=\u00bb4.18.0&#8243; _module_preset=\u00bbdefault\u00bb background_image=\u00bbhttps:\/\/cardonapicornell.com\/wp-content\/uploads\/2023\/05\/project.jpg\u00bb global_colors_info=\u00bb{}\u00bb theme_builder_area=\u00bbpost_content\u00bb][et_pb_row custom_padding_last_edited=\u00bbon|phone\u00bb _builder_version=\u00bb4.18.0&#8243; _module_preset=\u00bbdefault\u00bb width_tablet=\u00bb\u00bb width_phone=\u00bb90%\u00bb width_last_edited=\u00bbon|phone\u00bb custom_padding_tablet=\u00bb\u00bb custom_padding_phone=\u00bb0px||||false|false\u00bb locked=\u00bboff\u00bb global_colors_info=\u00bb{}\u00bb theme_builder_area=\u00bbpost_content\u00bb][et_pb_column type=\u00bb4_4&#8243; _builder_version=\u00bb4.18.0&#8243; _module_preset=\u00bbdefault\u00bb global_colors_info=\u00bb{}\u00bb theme_builder_area=\u00bbpost_content\u00bb][et_pb_text _builder_version=\u00bb4.21.0&#8243; _module_preset=\u00bbdefault\u00bb header_2_font=\u00bbAsap|700|||||||\u00bb header_2_text_align=\u00bbcenter\u00bb header_2_text_color=\u00bb#010d14&#8243; header_2_font_size=\u00bb36px\u00bb header_2_line_height=\u00bb1.3em\u00bb max_width=\u00bb800px\u00bb module_alignment=\u00bbcenter\u00bb hover_enabled=\u00bb0&#8243; header_2_font_size_tablet=\u00bb30px\u00bb header_2_font_size_phone=\u00bb24px\u00bb header_2_font_size_last_edited=\u00bbon|phone\u00bb global_colors_info=\u00bb{}\u00bb theme_builder_area=\u00bbpost_content\u00bb sticky_enabled=\u00bb0&#8243;]<\/p>\n<h2><span>\u201cAll\u00ed donde hay una empresa de \u00e9xito alguien tom\u00f3 alguna vez una decisi\u00f3n valiente\u201d.\u00a0<\/span><\/h2>\n<p>[\/et_pb_text][\/et_pb_column][\/et_pb_row][\/et_pb_section][et_pb_section fb_built=\u00bb1&#8243; _builder_version=\u00bb4.18.0&#8243; _module_preset=\u00bbdefault\u00bb background_image=\u00bbhttps:\/\/cardonapicornell.com\/wp-content\/uploads\/2023\/05\/project.jpg\u00bb global_colors_info=\u00bb{}\u00bb theme_builder_area=\u00bbpost_content\u00bb][et_pb_row _builder_version=\u00bb4.19.4&#8243; _module_preset=\u00bbdefault\u00bb global_colors_info=\u00bb{}\u00bb theme_builder_area=\u00bbpost_content\u00bb][et_pb_column type=\u00bb4_4&#8243; _builder_version=\u00bb4.19.4&#8243; _module_preset=\u00bbdefault\u00bb global_colors_info=\u00bb{}\u00bb theme_builder_area=\u00bbpost_content\u00bb][et_pb_cta title=\u00bbSostenibilidad y medio ambiente\u00bb button_url=\u00bb\/sostenibilidad-y-medio-ambiente\u00bb button_text=\u00bbSaber m\u00e1s\u00bb _builder_version=\u00bb4.19.5&#8243; _module_preset=\u00bbdefault\u00bb header_font=\u00bb|600|||||||\u00bb header_text_color=\u00bb#FFFFFF\u00bb background_image=\u00bbhttps:\/\/cardonapicornell.com\/wp-content\/uploads\/2023\/05\/natura.png\u00bb background_blend=\u00bbmultiply\u00bb custom_button=\u00bbon\u00bb button_text_color=\u00bb#000000&#8243; button_bg_color=\u00bb#ffffff\u00bb button_border_color=\u00bb#58c0d3&#8243; button_border_radius=\u00bb20px\u00bb background_layout=\u00bblight\u00bb animation_style=\u00bbslide\u00bb button_bg_color_last_edited=\u00bboff|desktop\u00bb border_radii=\u00bbon|20px|20px|20px|20px\u00bb box_shadow_style=\u00bbpreset2&#8243; global_colors_info=\u00bb{}\u00bb background__hover_enabled=\u00bbon|hover\u00bb parallax__hover=\u00bboff\u00bb background_blend__hover=\u00bbhard-light\u00bb background_size__hover=\u00bbcover\u00bb button_bg_color__hover_enabled=\u00bbon|hover\u00bb button_bg_color__hover=\u00bb#58c0d3&#8243; button_bg_enable_color__hover=\u00bbon\u00bb theme_builder_area=\u00bbpost_content\u00bb]<span style=\"color: #ffffff;\">Plastics Andreu Injectats S.L esta comprometido con el medioambiente y todo lo que involucra todo este \u00e1mbito. Es por eso que hemos realizado durante a\u00f1os inversiones para reducir el impacto medioambiental que tiene la empresa en la sociedad y en el planeta. Realizando diferentes acciones para contribuir en una sociedad m\u00e1s sostenible<\/span>[\/et_pb_cta][\/et_pb_column][\/et_pb_row][\/et_pb_section]<\/p>\n","protected":false},"excerpt":{"rendered":"<p>Sus proyectos nuestros servicios \u201cAll\u00ed donde hay una empresa de \u00e9xito alguien tom\u00f3 alguna vez una decisi\u00f3n valiente\u201d.\u00a0Servicio de calidadDescripci\u00f3n de nuestros servicios: Transports Cardona Picornell S.L es el partner que necesita su empresa.. Ofrecemos transporte nacional a toda la pen\u00ednsula. Si su transporte es a la zona de Catalu\u00f1a podemos ofrecer descargas diarias. Estamos [&hellip;]<\/p>\n","protected":false},"author":2,"featured_media":0,"parent":0,"menu_order":0,"comment_status":"closed","ping_status":"closed","template":"","meta":{"_et_pb_use_builder":"on","_et_pb_old_content":"","_et_gb_content_width":"","footnotes":""},"class_list":["post-98604","page","type-page","status-publish","hentry"],"lang":"es","translations":{"es":98604,"ca":98676},"pll_sync_post":[],"_links":{"self":[{"href":"https:\/\/cardonapicornell.com\/index.php?rest_route=\/wp\/v2\/pages\/98604","targetHints":{"allow":["GET"]}}],"collection":[{"href":"https:\/\/cardonapicornell.com\/index.php?rest_route=\/wp\/v2\/pages"}],"about":[{"href":"https:\/\/cardonapicornell.com\/index.php?rest_route=\/wp\/v2\/types\/page"}],"author":[{"embeddable":true,"href":"https:\/\/cardonapicornell.com\/index.php?rest_route=\/wp\/v2\/users\/2"}],"replies":[{"embeddable":true,"href":"https:\/\/cardonapicornell.com\/index.php?rest_route=%2Fwp%2Fv2%2Fcomments&post=98604"}],"version-history":[{"count":8,"href":"https:\/\/cardonapicornell.com\/index.php?rest_route=\/wp\/v2\/pages\/98604\/revisions"}],"predecessor-version":[{"id":98623,"href":"https:\/\/cardonapicornell.com\/index.php?rest_route=\/wp\/v2\/pages\/98604\/revisions\/98623"}],"wp:attachment":[{"href":"https:\/\/cardonapicornell.com\/index.php?rest_route=%2Fwp%2Fv2%2Fmedia&parent=98604"}],"curies":[{"name":"wp","href":"https:\/\/api.w.org\/{rel}","templated":true}]}}